{"id":307,"date":"2021-04-12T09:43:10","date_gmt":"2021-04-12T09:43:10","guid":{"rendered":"https:\/\/leslunettesdesandra.fr\/?page_id=307"},"modified":"2021-05-30T08:00:44","modified_gmt":"2021-05-30T08:00:44","slug":"mes-services","status":"publish","type":"page","link":"https:\/\/leslunettesdesandra.fr\/?page_id=307","title":{"rendered":"Mes services"},"content":{"rendered":"<p>[vc_row][vc_column]<div class=\"sc_section margin_top_tiny margin_bottom_small aligncenter\" style=\"max-width: 950px;\"><div class=\"sc_section_inner\"><div class=\"sc_section_content_wrap\"><h2 class=\"sc_title sc_title_regular sc_align_center margin_top_super_huge margin_bottom_medium\" style=\"text-align:center;\">Votre vue &#8211; mon optique<\/h2><span class=\"sc_highlight\" style=\"line-height: 1.7em!important;font-size:1.2em; line-height: 1em;\">Les m\u00e9tiers de l&rsquo;optique sont des m\u00e9tiers qui demandent beaucoup de pr\u00e9cisions et de rigueur. Je vous laisse d\u00e9couvrir mes services. Pour plus de confort, n\u00a0\u00bbh\u00e9sitez pas \u00e0 prendre rendez-vous ou \u00e0 me contacter.<\/span><\/div><\/div><\/div>[\/vc_column][\/vc_row][vc_row][vc_column css=\u00a0\u00bb.vc_custom_1461133314762{margin-bottom: 0.75em !important;}\u00a0\u00bb]<div id=\"sc_services_689643598_wrap\" class=\"sc_services_wrap\"><div id=\"sc_services_689643598\" class=\"sc_services sc_services_style_services-1 sc_services_type_icons  margin_top_small margin_bottom_medium\" style=\"width:100%;\"><div class=\"sc_slider_swiper swiper-slider-container sc_slider_nopagination sc_slider_nocontrols\" data-interval=\"4000\" data-slides-per-view=\"4\" data-slides-min-width=\"250\"><div class=\"slides swiper-wrapper\"><div class=\"swiper-slide\" data-style=\"width:100%;\" style=\"width:100%;\"><div class=\"sc_services_item_wrap\">\t\t\t<div id=\"sc_services_689643598_1\"\t\t\t\tclass=\"sc_services_item sc_services_item_1 odd first\"\n\t\t\t\t>\n\t\t\t\t<a href=\"https:\/\/leslunettesdesandra.fr\/?services=ventes-de-lentilles-et-produits-lentilles\"><span class=\"sc_icon icon-spin4\"><\/span><\/a>\t\t\t\t<div class=\"sc_services_item_content\">\n\t\t\t\t\t<h4 class=\"sc_services_item_title\"><a href=\"https:\/\/leslunettesdesandra.fr\/?services=ventes-de-lentilles-et-produits-lentilles\">Ventes de lentilles et produits lentilles<\/a><\/h4>\n\t\t\t\t\t<div class=\"sc_services_item_description\">\n\t\t\t\t\t\t<p>Les lunettes de Sandra vous propose un service uniques pour vous apprendre \u00e0 poser vos lentilles souples.<\/p><a href=\"https:\/\/leslunettesdesandra.fr\/?services=ventes-de-lentilles-et-produits-lentilles\" class=\"sc_services_item_readmore\">Details<span class=\"icon-right\"><\/span><\/a>\t\t\t\t\t<\/div>\n\t\t\t\t<\/div>\n\t\t\t<\/div>\n\t\t<\/div><\/div><div class=\"swiper-slide\" data-style=\"width:100%;\" style=\"width:100%;\"><div class=\"sc_services_item_wrap\">\t\t\t<div id=\"sc_services_689643598_2\"\t\t\t\tclass=\"sc_services_item sc_services_item_2 even\"\n\t\t\t\t>\n\t\t\t\t<a href=\"https:\/\/leslunettesdesandra.fr\/?services=besoins-en-basse-vision\"><span class=\"sc_icon icon-eye\"><\/span><\/a>\t\t\t\t<div class=\"sc_services_item_content\">\n\t\t\t\t\t<h4 class=\"sc_services_item_title\"><a href=\"https:\/\/leslunettesdesandra.fr\/?services=besoins-en-basse-vision\">R\u00e9glages et ajustage de vos lunettes<\/a><\/h4>\n\t\t\t\t\t<div class=\"sc_services_item_description\">\n\t\t\t\t\t\t<p>Lors de la livraison de vos lunettes sur le lieu de votre choix, j&rsquo;ajuste votre monture pour un confort optimal.<\/p><a href=\"https:\/\/leslunettesdesandra.fr\/?services=besoins-en-basse-vision\" class=\"sc_services_item_readmore\">Details<span class=\"icon-right\"><\/span><\/a>\t\t\t\t\t<\/div>\n\t\t\t\t<\/div>\n\t\t\t<\/div>\n\t\t<\/div><\/div><div class=\"swiper-slide\" data-style=\"width:100%;\" style=\"width:100%;\"><div class=\"sc_services_item_wrap\">\t\t\t<div id=\"sc_services_689643598_3\"\t\t\t\tclass=\"sc_services_item sc_services_item_3 odd\"\n\t\t\t\t>\n\t\t\t\t<a href=\"https:\/\/leslunettesdesandra.fr\/?services=tiers-payants\"><span class=\"sc_icon icon-money-light\"><\/span><\/a>\t\t\t\t<div class=\"sc_services_item_content\">\n\t\t\t\t\t<h4 class=\"sc_services_item_title\"><a href=\"https:\/\/leslunettesdesandra.fr\/?services=tiers-payants\">Tiers payants<\/a><\/h4>\n\t\t\t\t\t<div class=\"sc_services_item_description\">\n\t\t\t\t\t\t<p>Je suis partenaire de nombreuses mutuelles comme Groupama, Pro BTP KORELIO, Previfrance, SP sant\u00e9, Adrea Aesio Mutuelle, Almerys, Actil...<\/p><a href=\"https:\/\/leslunettesdesandra.fr\/?services=tiers-payants\" class=\"sc_services_item_readmore\">Details<span class=\"icon-right\"><\/span><\/a>\t\t\t\t\t<\/div>\n\t\t\t\t<\/div>\n\t\t\t<\/div>\n\t\t<\/div><\/div><div class=\"swiper-slide\" data-style=\"width:100%;\" style=\"width:100%;\"><div class=\"sc_services_item_wrap\">\t\t\t<div id=\"sc_services_689643598_4\"\t\t\t\tclass=\"sc_services_item sc_services_item_4 even\"\n\t\t\t\t>\n\t\t\t\t<a href=\"https:\/\/leslunettesdesandra.fr\/?services=garantie\"><span class=\"sc_icon icon-06\"><\/span><\/a>\t\t\t\t<div class=\"sc_services_item_content\">\n\t\t\t\t\t<h4 class=\"sc_services_item_title\"><a href=\"https:\/\/leslunettesdesandra.fr\/?services=garantie\">Garantie<\/a><\/h4>\n\t\t\t\t\t<div class=\"sc_services_item_description\">\n\t\t\t\t\t\t<p>Changement 1 fois pour chaque \u00e9l\u00e9ment cass\u00e9s pendant 2 ans\nGarantie adaptation des verres 3 mois<\/p><a href=\"https:\/\/leslunettesdesandra.fr\/?services=garantie\" class=\"sc_services_item_readmore\">Details<span class=\"icon-right\"><\/span><\/a>\t\t\t\t\t<\/div>\n\t\t\t\t<\/div>\n\t\t\t<\/div>\n\t\t<\/div><\/div><\/div><div class=\"sc_slider_controls_wrap\"><a class=\"sc_slider_prev\" href=\"#\"><\/a><a class=\"sc_slider_next\" href=\"#\"><\/a><\/div><div class=\"sc_slider_pagination_wrap\"><\/div><\/div><\/div><!-- \/.sc_services --><\/div><!-- \/.sc_services_wrap -->[\/vc_column][\/vc_row][vc_row full_width=\u00a0\u00bbstretch_row\u00a0\u00bb css=\u00a0\u00bb.vc_custom_1460453431494{background-color: #e7887b !important;}\u00a0\u00bb][vc_column css=\u00a0\u00bb.vc_custom_1461134188583{margin-top: -0.2em !important;margin-bottom: 1.4em !important;}\u00a0\u00bb]<div id=\"sc_call_to_action_1270245763\" class=\"sc_call_to_action sc_call_to_action_style_2 sc_call_to_action_align_left margin_top_huge margin_bottom_medium\" style=\"width:100%;\"><div class=\"columns_wrap\"><div class=\"sc_call_to_action_info column-3_4\"><h2 class=\"sc_call_to_action_title sc_item_title\">Prendre rendez-vous avec Sandra<\/h2><\/div><div class=\"sc_call_to_action_buttons sc_item_buttons column-1_4\"><div class=\"sc_call_to_action_button sc_item_button\"><a href=\"\/rendez-vous\/\" class=\"sc_button sc_button_square sc_button_style_filled sc_button_size_small style_color_original\">Je prends rendez-vous<\/a><\/div><\/div><\/div><\/div>[\/vc_column][\/vc_row][vc_row full_width=\u00a0\u00bbstretch_row\u00a0\u00bb css=\u00a0\u00bb.vc_custom_1460453788884{background-color: #f2f2f2 !important;}\u00a0\u00bb][vc_column]<div id=\"sc_services_203277979_wrap\" class=\"sc_services_wrap\"><div id=\"sc_services_203277979\" class=\"sc_services sc_services_style_services-2 sc_services_type_icons  margin_top_super_huge margin_bottom_medium\" style=\"width:100%;\"><div class=\"sc_columns columns_wrap\"><\/div><\/div><!-- \/.sc_services --><\/div><!-- \/.sc_services_wrap -->[\/vc_column][\/vc_row][vc_row][vc_column]<h2 class=\"sc_title sc_title_regular\"><\/p>\n<p style=\"text-align: center;\">Mes marques pr\u00e9f\u00e9r\u00e9es<\/p>\n<p><\/h2><div id=\"sc_clients_227550025_wrap\" class=\"sc_clients_wrap\"><div id=\"sc_clients_227550025\" class=\"sc_clients sc_clients_style_clients-1  margin_top_large margin_bottom_medium\" style=\"width:100%;\"><div class=\"sc_slider_swiper swiper-slider-container sc_slider_nopagination sc_slider_nocontrols\" data-interval=\"8524\" data-slides-per-view=\"8\" data-slides-min-width=\"100\"><div class=\"slides swiper-wrapper\"><div class=\"swiper-slide\" data-style=\"width:100%;\" style=\"width:100%;\">\t\t\t<div id=\"sc_clients_227550025_1\" class=\"sc_clients_item sc_clients_item_1 odd first\">\n\t\t\t\t\t\t\t\t<div class=\"sc_client_image\"><img decoding=\"async\" class=\"wp-post-image\" alt=\"V.DESIGN\" src=\"https:\/\/leslunettesdesandra.fr\/wp-content\/uploads\/2023\/05\/vdesign-logo-scaled.jpg\"><\/div>\n\t\t\t\t\t\t\t<\/div>\n\t\t<\/div><div class=\"swiper-slide\" data-style=\"width:100%;\" style=\"width:100%;\">\t\t\t<div id=\"sc_clients_227550025_2\" class=\"sc_clients_item sc_clients_item_2 even\">\n\t\t\t\t\t\t\t\t<div class=\"sc_client_image\"><img decoding=\"async\" class=\"wp-post-image\" alt=\"Azzaro\" src=\"https:\/\/leslunettesdesandra.fr\/wp-content\/uploads\/2023\/05\/logo-azzaro-2.png\"><\/div>\n\t\t\t\t\t\t\t<\/div>\n\t\t<\/div><div class=\"swiper-slide\" data-style=\"width:100%;\" style=\"width:100%;\">\t\t\t<div id=\"sc_clients_227550025_3\" class=\"sc_clients_item sc_clients_item_3 odd\">\n\t\t\t\t\t\t\t\t<div class=\"sc_client_image\"><img decoding=\"async\" class=\"wp-post-image\" alt=\"Lancel\" src=\"https:\/\/leslunettesdesandra.fr\/wp-content\/uploads\/2021\/09\/Logo-Lancel.jpg\"><\/div>\n\t\t\t\t\t\t\t<\/div>\n\t\t<\/div><div class=\"swiper-slide\" data-style=\"width:100%;\" style=\"width:100%;\">\t\t\t<div id=\"sc_clients_227550025_4\" class=\"sc_clients_item sc_clients_item_4 even\">\n\t\t\t\t\t\t\t\t<div class=\"sc_client_image\"><img decoding=\"async\" class=\"wp-post-image\" alt=\"nogs\" src=\"https:\/\/leslunettesdesandra.fr\/wp-content\/uploads\/2021\/05\/logo-nogs.jpg\"><\/div>\n\t\t\t\t\t\t\t<\/div>\n\t\t<\/div><div class=\"swiper-slide\" data-style=\"width:100%;\" style=\"width:100%;\">\t\t\t<div id=\"sc_clients_227550025_5\" class=\"sc_clients_item sc_clients_item_5 odd\">\n\t\t\t\t\t\t\t\t<div class=\"sc_client_image\"><img decoding=\"async\" class=\"wp-post-image\" alt=\"plein les mirettes\" src=\"https:\/\/leslunettesdesandra.fr\/wp-content\/uploads\/2016\/04\/pleinlesmirettes.png\"><\/div>\n\t\t\t\t\t\t\t<\/div>\n\t\t<\/div><div class=\"swiper-slide\" data-style=\"width:100%;\" style=\"width:100%;\">\t\t\t<div id=\"sc_clients_227550025_6\" class=\"sc_clients_item sc_clients_item_6 even\">\n\t\t\t\t\t\t\t\t<div class=\"sc_client_image\"><img decoding=\"async\" class=\"wp-post-image\" alt=\"gigi studio\" src=\"https:\/\/leslunettesdesandra.fr\/wp-content\/uploads\/2016\/04\/gigi.jpg\"><\/div>\n\t\t\t\t\t\t\t<\/div>\n\t\t<\/div><div class=\"swiper-slide\" data-style=\"width:100%;\" style=\"width:100%;\">\t\t\t<div id=\"sc_clients_227550025_7\" class=\"sc_clients_item sc_clients_item_7 odd\">\n\t\t\t\t\t\t\t\t<div class=\"sc_client_image\"><img decoding=\"async\" class=\"wp-post-image\" alt=\"azzaro\" src=\"https:\/\/leslunettesdesandra.fr\/wp-content\/uploads\/2016\/04\/logocarrera.jpg\"><\/div>\n\t\t\t\t\t\t\t<\/div>\n\t\t<\/div><div class=\"swiper-slide\" data-style=\"width:100%;\" style=\"width:100%;\">\t\t\t<div id=\"sc_clients_227550025_8\" class=\"sc_clients_item sc_clients_item_8 even\">\n\t\t\t\t\t\t\t\t<div class=\"sc_client_image\"><img decoding=\"async\" class=\"wp-post-image\" alt=\"longchamps\" src=\"https:\/\/leslunettesdesandra.fr\/wp-content\/uploads\/2016\/04\/longchamp.jpg\"><\/div>\n\t\t\t\t\t\t\t<\/div>\n\t\t<\/div><\/div><div class=\"sc_slider_controls_wrap\"><a class=\"sc_slider_prev\" href=\"#\"><\/a><a class=\"sc_slider_next\" href=\"#\"><\/a><\/div><div class=\"sc_slider_pagination_wrap\"><\/div><\/div><\/div><!-- \/.sc_clients --><\/div><!-- \/.sc_clients_wrap -->[vc_empty_space][\/vc_column][\/vc_row][vc_row][vc_column width=\u00a0\u00bb1\/3&Prime;][\/vc_column][vc_column width=\u00a0\u00bb1\/3&Prime;]<a href=\"\/collection-de-lunettes\/\" class=\"sc_button sc_button_square sc_button_style_filled sc_button_size_small aligncenter style_color_original\">Je d\u00e9couvre la collection de lunettes <\/a>[\/vc_column][vc_column width=\u00a0\u00bb1\/3&Prime;][\/vc_column][\/vc_row]<\/p>\n","protected":false},"excerpt":{"rendered":"<p>[vc_row][vc_column][\/vc_column][\/vc_row][vc_row][vc_column css=\u00a0\u00bb.vc_custom_1461133314762{margin-bottom: 0.75em !important;}\u00a0\u00bb][\/vc_column][\/vc_row][vc_row full_width=\u00a0\u00bbstretch_row\u00a0\u00bb css=\u00a0\u00bb.vc_custom_1460453431494{background-color: #e7887b !important;}\u00a0\u00bb][vc_column css=\u00a0\u00bb.vc_custom_1461134188583{margin-top: -0.2em !important;margin-bottom: 1.4em !important;}\u00a0\u00bb][\/vc_column][\/vc_row][vc_row full_width=\u00a0\u00bbstretch_row\u00a0\u00bb css=\u00a0\u00bb.vc_custom_1460453788884{background-color: #f2f2f2 !important;}\u00a0\u00bb][vc_column][\/vc_column][\/vc_row][vc_row][vc_column][vc_empty_space][\/vc_column][\/vc_row][vc_row][vc_column width=\u00a0\u00bb1\/3&Prime;][\/vc_column][vc_column width=\u00a0\u00bb1\/3&Prime;][\/vc_column][vc_column width=\u00a0\u00bb1\/3&Prime;][\/vc_column][\/vc_row]<\/p>\n","protected":false},"author":990003,"featured_media":0,"parent":0,"menu_order":0,"comment_status":"closed","ping_status":"closed","template":"","meta":{"footnotes":""},"class_list":["post-307","page","type-page","status-publish","hentry"],"yoast_head":"<!-- This site is optimized with the Yoast SEO plugin v20.0 - https:\/\/yoast.com\/wordpress\/plugins\/seo\/ -->\n<title>Mes services - Les lunettes de Sandra<\/title>\n<meta name=\"robots\" content=\"index, follow, max-snippet:-1, max-image-preview:large, max-video-preview:-1\" \/>\n<link rel=\"canonical\" href=\"https:\/\/leslunettesdesandra.fr\/?page_id=307\" \/>\n<meta property=\"og:locale\" content=\"fr_FR\" \/>\n<meta property=\"og:type\" content=\"article\" \/>\n<meta property=\"og:title\" content=\"Mes services - Les lunettes de Sandra\" \/>\n<meta property=\"og:description\" content=\"[vc_row][vc_column][\/vc_column][\/vc_row][vc_row][vc_column css=\u00a0\u00bb.vc_custom_1461133314762{margin-bottom: 0.75em !important;}\u00a0\u00bb][\/vc_column][\/vc_row][vc_row full_width=\u00a0\u00bbstretch_row\u00a0\u00bb css=\u00a0\u00bb.vc_custom_1460453431494{background-color: #e7887b !important;}\u00a0\u00bb][vc_column css=\u00a0\u00bb.vc_custom_1461134188583{margin-top: -0.2em !important;margin-bottom: 1.4em !important;}\u00a0\u00bb][\/vc_column][\/vc_row][vc_row full_width=\u00a0\u00bbstretch_row\u00a0\u00bb css=\u00a0\u00bb.vc_custom_1460453788884{background-color: #f2f2f2 !important;}\u00a0\u00bb][vc_column][\/vc_column][\/vc_row][vc_row][vc_column][vc_empty_space][\/vc_column][\/vc_row][vc_row][vc_column width=\u00a0\u00bb1\/3&Prime;][\/vc_column][vc_column width=\u00a0\u00bb1\/3&Prime;][\/vc_column][vc_column width=\u00a0\u00bb1\/3&Prime;][\/vc_column][\/vc_row]\" \/>\n<meta property=\"og:url\" content=\"https:\/\/leslunettesdesandra.fr\/?page_id=307\" \/>\n<meta property=\"og:site_name\" content=\"Les lunettes de Sandra\" \/>\n<meta property=\"article:modified_time\" content=\"2021-05-30T08:00:44+00:00\" \/>\n<meta name=\"twitter:card\" content=\"summary_large_image\" \/>\n<meta name=\"twitter:label1\" content=\"Dur\u00e9e de lecture estim\u00e9e\" \/>\n\t<meta name=\"twitter:data1\" content=\"2 minutes\" \/>\n<script type=\"application\/ld+json\" class=\"yoast-schema-graph\">{\"@context\":\"https:\/\/schema.org\",\"@graph\":[{\"@type\":\"WebPage\",\"@id\":\"https:\/\/leslunettesdesandra.fr\/?page_id=307\",\"url\":\"https:\/\/leslunettesdesandra.fr\/?page_id=307\",\"name\":\"Mes services - Les lunettes de Sandra\",\"isPartOf\":{\"@id\":\"https:\/\/leslunettesdesandra.fr\/#website\"},\"datePublished\":\"2021-04-12T09:43:10+00:00\",\"dateModified\":\"2021-05-30T08:00:44+00:00\",\"breadcrumb\":{\"@id\":\"https:\/\/leslunettesdesandra.fr\/?page_id=307#breadcrumb\"},\"inLanguage\":\"fr-FR\",\"potentialAction\":[{\"@type\":\"ReadAction\",\"target\":[\"https:\/\/leslunettesdesandra.fr\/?page_id=307\"]}]},{\"@type\":\"BreadcrumbList\",\"@id\":\"https:\/\/leslunettesdesandra.fr\/?page_id=307#breadcrumb\",\"itemListElement\":[{\"@type\":\"ListItem\",\"position\":1,\"name\":\"Accueil\",\"item\":\"https:\/\/leslunettesdesandra.fr\/\"},{\"@type\":\"ListItem\",\"position\":2,\"name\":\"Mes services\"}]},{\"@type\":\"WebSite\",\"@id\":\"https:\/\/leslunettesdesandra.fr\/#website\",\"url\":\"https:\/\/leslunettesdesandra.fr\/\",\"name\":\"Les lunettes de Sandra\",\"description\":\"VENTE DE LUNETTES \u00c0 DOMICILE - CONTR\u00d4LE DE LA VUE - SUR RENDEZ-VOUS\",\"potentialAction\":[{\"@type\":\"SearchAction\",\"target\":{\"@type\":\"EntryPoint\",\"urlTemplate\":\"https:\/\/leslunettesdesandra.fr\/?s={search_term_string}\"},\"query-input\":\"required name=search_term_string\"}],\"inLanguage\":\"fr-FR\"}]}<\/script>\n<!-- \/ Yoast SEO plugin. -->","yoast_head_json":{"title":"Mes services - Les lunettes de Sandra","robots":{"index":"index","follow":"follow","max-snippet":"max-snippet:-1","max-image-preview":"max-image-preview:large","max-video-preview":"max-video-preview:-1"},"canonical":"https:\/\/leslunettesdesandra.fr\/?page_id=307","og_locale":"fr_FR","og_type":"article","og_title":"Mes services - Les lunettes de Sandra","og_description":"[vc_row][vc_column][\/vc_column][\/vc_row][vc_row][vc_column css=\u00a0\u00bb.vc_custom_1461133314762{margin-bottom: 0.75em !important;}\u00a0\u00bb][\/vc_column][\/vc_row][vc_row full_width=\u00a0\u00bbstretch_row\u00a0\u00bb css=\u00a0\u00bb.vc_custom_1460453431494{background-color: #e7887b !important;}\u00a0\u00bb][vc_column css=\u00a0\u00bb.vc_custom_1461134188583{margin-top: -0.2em !important;margin-bottom: 1.4em !important;}\u00a0\u00bb][\/vc_column][\/vc_row][vc_row full_width=\u00a0\u00bbstretch_row\u00a0\u00bb css=\u00a0\u00bb.vc_custom_1460453788884{background-color: #f2f2f2 !important;}\u00a0\u00bb][vc_column][\/vc_column][\/vc_row][vc_row][vc_column][vc_empty_space][\/vc_column][\/vc_row][vc_row][vc_column width=\u00a0\u00bb1\/3&Prime;][\/vc_column][vc_column width=\u00a0\u00bb1\/3&Prime;][\/vc_column][vc_column width=\u00a0\u00bb1\/3&Prime;][\/vc_column][\/vc_row]","og_url":"https:\/\/leslunettesdesandra.fr\/?page_id=307","og_site_name":"Les lunettes de Sandra","article_modified_time":"2021-05-30T08:00:44+00:00","twitter_card":"summary_large_image","twitter_misc":{"Dur\u00e9e de lecture estim\u00e9e":"2 minutes"},"schema":{"@context":"https:\/\/schema.org","@graph":[{"@type":"WebPage","@id":"https:\/\/leslunettesdesandra.fr\/?page_id=307","url":"https:\/\/leslunettesdesandra.fr\/?page_id=307","name":"Mes services - Les lunettes de Sandra","isPartOf":{"@id":"https:\/\/leslunettesdesandra.fr\/#website"},"datePublished":"2021-04-12T09:43:10+00:00","dateModified":"2021-05-30T08:00:44+00:00","breadcrumb":{"@id":"https:\/\/leslunettesdesandra.fr\/?page_id=307#breadcrumb"},"inLanguage":"fr-FR","potentialAction":[{"@type":"ReadAction","target":["https:\/\/leslunettesdesandra.fr\/?page_id=307"]}]},{"@type":"BreadcrumbList","@id":"https:\/\/leslunettesdesandra.fr\/?page_id=307#breadcrumb","itemListElement":[{"@type":"ListItem","position":1,"name":"Accueil","item":"https:\/\/leslunettesdesandra.fr\/"},{"@type":"ListItem","position":2,"name":"Mes services"}]},{"@type":"WebSite","@id":"https:\/\/leslunettesdesandra.fr\/#website","url":"https:\/\/leslunettesdesandra.fr\/","name":"Les lunettes de Sandra","description":"VENTE DE LUNETTES \u00c0 DOMICILE - CONTR\u00d4LE DE LA VUE - SUR RENDEZ-VOUS","potentialAction":[{"@type":"SearchAction","target":{"@type":"EntryPoint","urlTemplate":"https:\/\/leslunettesdesandra.fr\/?s={search_term_string}"},"query-input":"required name=search_term_string"}],"inLanguage":"fr-FR"}]}},"_links":{"self":[{"href":"https:\/\/leslunettesdesandra.fr\/index.php?rest_route=\/wp\/v2\/pages\/307","targetHints":{"allow":["GET"]}}],"collection":[{"href":"https:\/\/leslunettesdesandra.fr\/index.php?rest_route=\/wp\/v2\/pages"}],"about":[{"href":"https:\/\/leslunettesdesandra.fr\/index.php?rest_route=\/wp\/v2\/types\/page"}],"author":[{"embeddable":true,"href":"https:\/\/leslunettesdesandra.fr\/index.php?rest_route=\/wp\/v2\/users\/990003"}],"replies":[{"embeddable":true,"href":"https:\/\/leslunettesdesandra.fr\/index.php?rest_route=%2Fwp%2Fv2%2Fcomments&post=307"}],"version-history":[{"count":7,"href":"https:\/\/leslunettesdesandra.fr\/index.php?rest_route=\/wp\/v2\/pages\/307\/revisions"}],"predecessor-version":[{"id":1549,"href":"https:\/\/leslunettesdesandra.fr\/index.php?rest_route=\/wp\/v2\/pages\/307\/revisions\/1549"}],"wp:attachment":[{"href":"https:\/\/leslunettesdesandra.fr\/index.php?rest_route=%2Fwp%2Fv2%2Fmedia&parent=307"}],"curies":[{"name":"wp","href":"https:\/\/api.w.org\/{rel}","templated":true}]}}